{"id":106,"date":"2023-10-03T18:18:46","date_gmt":"2023-10-03T16:18:46","guid":{"rendered":"https:\/\/banzhaf-orgelbau.albsoft.de\/?page_id=106"},"modified":"2023-10-03T18:22:12","modified_gmt":"2023-10-03T16:22:12","slug":"ueber-mich","status":"publish","type":"page","link":"https:\/\/www.banzhaf-orgelbau.de\/?page_id=106","title":{"rendered":"\u00dcber mich"},"content":{"rendered":"\n<figure class=\"wp-block-image size-full\"><img loading=\"lazy\" decoding=\"async\" width=\"431\" height=\"357\" src=\"https:\/\/www.banzhaf-orgelbau.de\/wp-content\/uploads\/2023\/10\/Vor1-4.jpg\" alt=\"\" class=\"wp-image-109\" srcset=\"https:\/\/www.banzhaf-orgelbau.de\/wp-content\/uploads\/2023\/10\/Vor1-4.jpg 431w, https:\/\/www.banzhaf-orgelbau.de\/wp-content\/uploads\/2023\/10\/Vor1-4-300x248.jpg 300w\" sizes=\"auto, (max-width: 431px) 100vw, 431px\" \/><\/figure>\n\n\n\n<p class=\"has-vivid-cyan-blue-color has-text-color\">1966 geboren in Esslingen am Neckar<br>1982 nach einj\u00e4hriger Berufsvorbereitung f\u00fcr Schreiner in Heidenheim, Lehre bei Fa. Gebr. Link in Giengen an der Brenz<br>1986 zwanzig Monate Zivildienst im Kinderzentrum M\u00fcnchen<br>1988 acht Monate Aufenthalt in Los Angeles Kalifornien bei Fa. W.A. Banzhaf Orgelbau<br>1988 Orgelbauer bei Fa. Bruno Riedl Linz an der Donau, Ober\u00f6sterreich<br>1991 Orgelbauer bei Fa. Lothar E. Banzhaf Husum, Nordfriesland<br>1992 drei Monate Ausbildung f\u00fcr CAD Konstrukteur in AutoCAD in Ulm an der Donau<br>1992 Orgelbauer bei Fa. Hubert Sandtner Dillingen an der Donau, Bayern<br>1997 Meisterpr\u00fcfung im Orgel-und Hamoniumbauerhandwerk<br>1997 Selbst\u00e4ndig als Orgel- und Harmoniumbauermeister in Bergenweiler bei Sontheim an der Brenz, Baden-W\u00fcrttemberg<\/p>\n","protected":false},"excerpt":{"rendered":"<p>1966 geboren in Esslingen am Neckar1982 nach einj\u00e4hriger Berufsvorbereitung f\u00fcr Schreiner in Heidenheim, Lehre bei Fa. Gebr. Link in Giengen an der Brenz1986 zwanzig Monate Zivildienst im Kinderzentrum M\u00fcnchen1988 acht Monate Aufenthalt in Los Angeles Kalifornien bei Fa. W.A. Banzhaf Orgelbau1988 Orgelbauer bei Fa. Bruno Riedl Linz an der Donau, Ober\u00f6sterreich1991 Orgelbauer bei Fa. Lothar [&hellip;]<\/p>\n","protected":false},"author":1,"featured_media":0,"parent":0,"menu_order":0,"comment_status":"closed","ping_status":"closed","template":"","meta":{"site-sidebar-layout":"default","site-content-layout":"","ast-site-content-layout":"default","site-content-style":"default","site-sidebar-style":"default","ast-global-header-display":"","ast-banner-title-visibility":"","ast-main-header-display":"","ast-hfb-above-header-display":"","ast-hfb-below-header-display":"","ast-hfb-mobile-header-display":"","site-post-title":"","ast-breadcrumbs-content":"","ast-featured-img":"","footer-sml-layout":"","ast-disable-related-posts":"","theme-transparent-header-meta":"","adv-header-id-meta":"","stick-header-meta":"","header-above-stick-meta":"","header-main-stick-meta":"","header-below-stick-meta":"","astra-migrate-meta-layouts":"default","ast-page-background-enabled":"default","ast-page-background-meta":{"desktop":{"background-color":"var(--ast-global-color-4)","background-image":"","background-repeat":"repeat","background-position":"center center","background-size":"auto","background-attachment":"scroll","background-type":"","background-media":"","overlay-type":"","overlay-color":"","overlay-opacity":"","overlay-gradient":""},"tablet":{"background-color":"","background-image":"","background-repeat":"repeat","background-position":"center center","background-size":"auto","background-attachment":"scroll","background-type":"","background-media":"","overlay-type":"","overlay-color":"","overlay-opacity":"","overlay-gradient":""},"mobile":{"background-color":"","background-image":"","background-repeat":"repeat","background-position":"center center","background-size":"auto","background-attachment":"scroll","background-type":"","background-media":"","overlay-type":"","overlay-color":"","overlay-opacity":"","overlay-gradient":""}},"ast-content-background-meta":{"desktop":{"background-color":"var(--ast-global-color-5)","background-image":"","background-repeat":"repeat","background-position":"center center","background-size":"auto","background-attachment":"scroll","background-type":"","background-media":"","overlay-type":"","overlay-color":"","overlay-opacity":"","overlay-gradient":""},"tablet":{"background-color":"var(--ast-global-color-5)","background-image":"","background-repeat":"repeat","background-position":"center center","background-size":"auto","background-attachment":"scroll","background-type":"","background-media":"","overlay-type":"","overlay-color":"","overlay-opacity":"","overlay-gradient":""},"mobile":{"background-color":"var(--ast-global-color-5)","background-image":"","background-repeat":"repeat","background-position":"center center","background-size":"auto","background-attachment":"scroll","background-type":"","background-media":"","overlay-type":"","overlay-color":"","overlay-opacity":"","overlay-gradient":""}},"footnotes":""},"class_list":["post-106","page","type-page","status-publish","hentry"],"_links":{"self":[{"href":"https:\/\/www.banzhaf-orgelbau.de\/index.php?rest_route=\/wp\/v2\/pages\/106","targetHints":{"allow":["GET"]}}],"collection":[{"href":"https:\/\/www.banzhaf-orgelbau.de\/index.php?rest_route=\/wp\/v2\/pages"}],"about":[{"href":"https:\/\/www.banzhaf-orgelbau.de\/index.php?rest_route=\/wp\/v2\/types\/page"}],"author":[{"embeddable":true,"href":"https:\/\/www.banzhaf-orgelbau.de\/index.php?rest_route=\/wp\/v2\/users\/1"}],"replies":[{"embeddable":true,"href":"https:\/\/www.banzhaf-orgelbau.de\/index.php?rest_route=%2Fwp%2Fv2%2Fcomments&post=106"}],"version-history":[{"count":4,"href":"https:\/\/www.banzhaf-orgelbau.de\/index.php?rest_route=\/wp\/v2\/pages\/106\/revisions"}],"predecessor-version":[{"id":112,"href":"https:\/\/www.banzhaf-orgelbau.de\/index.php?rest_route=\/wp\/v2\/pages\/106\/revisions\/112"}],"wp:attachment":[{"href":"https:\/\/www.banzhaf-orgelbau.de\/index.php?rest_route=%2Fwp%2Fv2%2Fmedia&parent=106"}],"curies":[{"name":"wp","href":"https:\/\/api.w.org\/{rel}","templated":true}]}}